{"id":1200,"date":"2024-07-03T12:20:11","date_gmt":"2024-07-03T12:20:11","guid":{"rendered":"https:\/\/baslr.pt\/contacta-con-nosotros\/"},"modified":"2025-03-27T08:30:01","modified_gmt":"2025-03-27T08:30:01","slug":"contacta-con-nosotros","status":"publish","type":"page","link":"https:\/\/baslr.pt\/es\/contacta-con-nosotros\/","title":{"rendered":"Contacta con nosotros"},"content":{"rendered":"\t\t<div data-elementor-type=\"wp-page\" data-elementor-id=\"1200\" class=\"elementor elementor-1200 elementor-220\" data-elementor-post-type=\"page\">\n\t\t\t\t<div class=\"elementor-element elementor-element-0c38583 e-con-full e-flex e-con e-parent\" data-id=\"0c38583\" data-element_type=\"container\" data-settings=\"{&quot;background_background&quot;:&quot;classic&quot;}\">\n\t\t<div class=\"elementor-element elementor-element-29c454a e-con-full e-flex e-con e-child\" data-id=\"29c454a\" data-element_type=\"container\">\n\t\t\t\t<div class=\"elementor-element elementor-element-bcc5893 elementor-widget elementor-widget-heading\" data-id=\"bcc5893\" data-element_type=\"widget\" data-widget_type=\"heading.default\">\n\t\t\t\t<div class=\"elementor-widget-container\">\n\t\t\t\t\t<h1 class=\"elementor-heading-title elementor-size-default\">LO GRANDE EST\u00c1<br>SOBREVALORADO<\/h1>\t\t\t\t<\/div>\n\t\t\t\t<\/div>\n\t\t\t\t<div class=\"elementor-element elementor-element-8d4f563 elementor-widget elementor-widget-heading\" data-id=\"8d4f563\" data-element_type=\"widget\" data-widget_type=\"heading.default\">\n\t\t\t\t<div class=\"elementor-widget-container\">\n\t\t\t\t\t<h4 class=\"elementor-heading-title elementor-size-default\">No somos la agencia m\u00e1s grande,<br>pero nos dedicamos a ser<br>perfecta para ti.<\/h4>\t\t\t\t<\/div>\n\t\t\t\t<\/div>\n\t\t<div class=\"elementor-element elementor-element-57745df e-con-full e-flex e-con e-child\" data-id=\"57745df\" data-element_type=\"container\">\n\t\t<div class=\"elementor-element elementor-element-55183d0 e-con-full e-flex e-con e-child\" data-id=\"55183d0\" data-element_type=\"container\">\n\t\t\t\t<div class=\"elementor-element elementor-element-5327d02 elementor-button-align-stretch elementor-widget elementor-widget-form\" data-id=\"5327d02\" data-element_type=\"widget\" data-settings=\"{&quot;step_next_label&quot;:&quot;Siguiente&quot;,&quot;step_previous_label&quot;:&quot;Anterior&quot;,&quot;button_width&quot;:&quot;25&quot;,&quot;step_type&quot;:&quot;number_text&quot;,&quot;step_icon_shape&quot;:&quot;circle&quot;}\" data-widget_type=\"form.default\">\n\t\t\t\t<div class=\"elementor-widget-container\">\n\t\t\t\t\t\t\t<form class=\"elementor-form\" method=\"post\" name=\"Formulario de contacto\">\n\t\t\t<input type=\"hidden\" name=\"post_id\" value=\"1200\"\/>\n\t\t\t<input type=\"hidden\" name=\"form_id\" value=\"5327d02\"\/>\n\t\t\t<input type=\"hidden\" name=\"referer_title\" value=\"BASLR\" \/>\n\n\t\t\t\n\t\t\t<div class=\"elementor-form-fields-wrapper elementor-labels-above\">\n\t\t\t\t\t\t\t\t<div class=\"elementor-field-type-text elementor-field-group elementor-column elementor-field-group-name elementor-col-100 elementor-field-required\">\n\t\t\t\t\t\t\t\t\t\t\t\t<label for=\"form-field-name\" class=\"elementor-field-label\">\n\t\t\t\t\t\t\t\tNombre *\t\t\t\t\t\t\t<\/label>\n\t\t\t\t\t\t\t\t\t\t\t\t\t\t<input size=\"1\" type=\"text\" name=\"form_fields[name]\" id=\"form-field-name\" class=\"elementor-field elementor-size-sm  elementor-field-textual\" placeholder=\"Tu nombre\" required=\"required\" aria-required=\"true\">\n\t\t\t\t\t\t\t\t\t\t\t<\/div>\n\t\t\t\t\t\t\t\t<div class=\"elementor-field-type-text elementor-field-group elementor-column elementor-field-group-field_716eaed elementor-col-100 elementor-field-required\">\n\t\t\t\t\t\t\t\t\t\t\t\t<label for=\"form-field-field_716eaed\" class=\"elementor-field-label\">\n\t\t\t\t\t\t\t\tApellidos *\t\t\t\t\t\t\t<\/label>\n\t\t\t\t\t\t\t\t\t\t\t\t\t\t<input size=\"1\" type=\"text\" name=\"form_fields[field_716eaed]\" id=\"form-field-field_716eaed\" class=\"elementor-field elementor-size-sm  elementor-field-textual\" placeholder=\"Tus apellidos\" required=\"required\" aria-required=\"true\">\n\t\t\t\t\t\t\t\t\t\t\t<\/div>\n\t\t\t\t\t\t\t\t<div class=\"elementor-field-type-email elementor-field-group elementor-column elementor-field-group-email elementor-col-100 elementor-field-required\">\n\t\t\t\t\t\t\t\t\t\t\t\t<label for=\"form-field-email\" class=\"elementor-field-label\">\n\t\t\t\t\t\t\t\tTu email de empresa *\t\t\t\t\t\t\t<\/label>\n\t\t\t\t\t\t\t\t\t\t\t\t\t\t<input size=\"1\" type=\"email\" name=\"form_fields[email]\" id=\"form-field-email\" class=\"elementor-field elementor-size-sm  elementor-field-textual\" placeholder=\"example@domain.com\" required=\"required\" aria-required=\"true\">\n\t\t\t\t\t\t\t\t\t\t\t<\/div>\n\t\t\t\t\t\t\t\t<div class=\"elementor-field-type-text elementor-field-group elementor-column elementor-field-group-field_41390b7 elementor-col-100 elementor-field-required\">\n\t\t\t\t\t\t\t\t\t\t\t\t<label for=\"form-field-field_41390b7\" class=\"elementor-field-label\">\n\t\t\t\t\t\t\t\tNombre de empresa*\t\t\t\t\t\t\t<\/label>\n\t\t\t\t\t\t\t\t\t\t\t\t\t\t<input size=\"1\" type=\"text\" name=\"form_fields[field_41390b7]\" id=\"form-field-field_41390b7\" class=\"elementor-field elementor-size-sm  elementor-field-textual\" required=\"required\" aria-required=\"true\">\n\t\t\t\t\t\t\t\t\t\t\t<\/div>\n\t\t\t\t\t\t\t\t<div class=\"elementor-field-type-textarea elementor-field-group elementor-column elementor-field-group-message elementor-col-100 elementor-field-required\">\n\t\t\t\t\t\t\t\t\t\t\t\t<label for=\"form-field-message\" class=\"elementor-field-label\">\n\t\t\t\t\t\t\t\tCu\u00e9ntanos sobre vuestra visi\u00f3n*\t\t\t\t\t\t\t<\/label>\n\t\t\t\t\t\t<textarea class=\"elementor-field-textual elementor-field  elementor-size-sm\" name=\"form_fields[message]\" id=\"form-field-message\" rows=\"6\" placeholder=\"Proyecto, alcance, calendario, presupuesto...\" required=\"required\" aria-required=\"true\"><\/textarea>\t\t\t\t<\/div>\n\t\t\t\t\t\t\t\t<div class=\"elementor-field-type-acceptance elementor-field-group elementor-column elementor-field-group-field_217f202 elementor-col-100 elementor-field-required\">\n\t\t\t\t\t\t\t<div class=\"elementor-field-subgroup\">\n\t\t\t<span class=\"elementor-field-option\">\n\t\t\t\t<input type=\"checkbox\" name=\"form_fields[field_217f202]\" id=\"form-field-field_217f202\" class=\"elementor-field elementor-size-sm  elementor-acceptance-field\" required=\"required\" aria-required=\"true\">\n\t\t\t\t<label for=\"form-field-field_217f202\">Estoy de acuerdo con los <a href=\"https:\/\/baslr.pt\/terms-and-conditions\/\">T\u00e9rminos y Condiciones de BASLR <\/a> y he le\u00eddo la <\/a><a href=\"https:\/\/baslr.pt\/privacy-policy\/\">Pol\u00edtica de Privacidad*<\/a><\/a><\/label>\t\t\t<\/span>\n\t\t<\/div>\n\t\t\t\t\t\t<\/div>\n\t\t\t\t\t\t\t\t<div class=\"elementor-field-type-text\">\n\t\t\t\t\t<input size=\"1\" type=\"text\" name=\"form_fields[field_ad33ae0]\" id=\"form-field-field_ad33ae0\" class=\"elementor-field elementor-size-sm \" style=\"display:none !important;\">\t\t\t\t<\/div>\n\t\t\t\t\t\t\t\t<div class=\"elementor-field-group elementor-column elementor-field-type-submit elementor-col-25 e-form__buttons\">\n\t\t\t\t\t<button class=\"elementor-button elementor-size-sm\" type=\"submit\">\n\t\t\t\t\t\t<span class=\"elementor-button-content-wrapper\">\n\t\t\t\t\t\t\t\t\t\t\t\t\t\t\t\t\t\t\t\t\t\t<span class=\"elementor-button-text\">Enviar<\/span>\n\t\t\t\t\t\t\t\t\t\t\t\t\t<\/span>\n\t\t\t\t\t<\/button>\n\t\t\t\t<\/div>\n\t\t\t<\/div>\n\t\t<\/form>\n\t\t\t\t\t\t<\/div>\n\t\t\t\t<\/div>\n\t\t\t\t<\/div>\n\t\t<div class=\"elementor-element elementor-element-67ab676 e-con-full e-flex e-con e-child\" data-id=\"67ab676\" data-element_type=\"container\">\n\t\t\t\t<div class=\"elementor-element elementor-element-be73323 elementor-widget elementor-widget-text-editor\" data-id=\"be73323\" data-element_type=\"widget\" data-widget_type=\"text-editor.default\">\n\t\t\t\t<div class=\"elementor-widget-container\">\n\t\t\t\t\t\t\t\t\t<p>No tengas miedo de compartir tus ideas con nosotros. No cobramos por contestar, e incluso si no acabamos trabajando juntos, intentaremos ayudarte lo mejor posible. As\u00ed que, adelante, \u00a1mol\u00e9stanos! Solo bromeaba.<\/p>\t\t\t\t\t\t\t\t<\/div>\n\t\t\t\t<\/div>\n\t\t\t\t<div class=\"elementor-element elementor-element-1a712e5 elementor-widget elementor-widget-image\" data-id=\"1a712e5\" data-element_type=\"widget\" data-widget_type=\"image.default\">\n\t\t\t\t<div class=\"elementor-widget-container\">\n\t\t\t\t\t\t\t\t\t\t\t\t\t\t\t<img fetchpriority=\"high\" decoding=\"async\" width=\"1200\" height=\"1755\" src=\"https:\/\/baslr.pt\/wp-content\/uploads\/2024\/07\/Image-Work-With-Us-1.jpg\" class=\"attachment-full size-full wp-image-1070\" alt=\"\" srcset=\"https:\/\/baslr.pt\/wp-content\/uploads\/2024\/07\/Image-Work-With-Us-1.jpg 1200w, https:\/\/baslr.pt\/wp-content\/uploads\/2024\/07\/Image-Work-With-Us-1-205x300.jpg 205w, https:\/\/baslr.pt\/wp-content\/uploads\/2024\/07\/Image-Work-With-Us-1-700x1024.jpg 700w, https:\/\/baslr.pt\/wp-content\/uploads\/2024\/07\/Image-Work-With-Us-1-768x1123.jpg 768w, https:\/\/baslr.pt\/wp-content\/uploads\/2024\/07\/Image-Work-With-Us-1-1050x1536.jpg 1050w\" sizes=\"(max-width: 1200px) 100vw, 1200px\" \/>\t\t\t\t\t\t\t\t\t\t\t\t\t\t\t<\/div>\n\t\t\t\t<\/div>\n\t\t\t\t<\/div>\n\t\t\t\t<\/div>\n\t\t\t\t<\/div>\n\t\t\t\t<\/div>\n\t\t<div class=\"elementor-element elementor-element-b77cfc5 e-con-full e-flex e-con e-parent\" data-id=\"b77cfc5\" data-element_type=\"container\" data-settings=\"{&quot;background_background&quot;:&quot;classic&quot;}\">\n\t\t<div class=\"elementor-element elementor-element-427fcd1 e-con-full e-flex e-con e-child\" data-id=\"427fcd1\" data-element_type=\"container\">\n\t\t\t\t<div class=\"elementor-element elementor-element-fc7b9c3 elementor-widget elementor-widget-heading\" data-id=\"fc7b9c3\" data-element_type=\"widget\" data-widget_type=\"heading.default\">\n\t\t\t\t<div class=\"elementor-widget-container\">\n\t\t\t\t\t<h4 class=\"elementor-heading-title elementor-size-default\">Contacto<\/h4>\t\t\t\t<\/div>\n\t\t\t\t<\/div>\n\t\t<div class=\"elementor-element elementor-element-987a02b e-con-full e-flex e-con e-child\" data-id=\"987a02b\" data-element_type=\"container\">\n\t\t<div class=\"elementor-element elementor-element-0af36a2 e-con-full e-flex e-con e-child\" data-id=\"0af36a2\" data-element_type=\"container\">\n\t\t\t\t<div class=\"elementor-element elementor-element-21edb36 elementor-widget elementor-widget-image\" data-id=\"21edb36\" data-element_type=\"widget\" data-widget_type=\"image.default\">\n\t\t\t\t<div class=\"elementor-widget-container\">\n\t\t\t\t\t\t\t\t\t\t\t\t\t\t\t<img decoding=\"async\" width=\"800\" height=\"854\" src=\"https:\/\/baslr.pt\/wp-content\/uploads\/2024\/07\/BASLR-Cadiz.jpg\" class=\"attachment-full size-full wp-image-992\" alt=\"\" srcset=\"https:\/\/baslr.pt\/wp-content\/uploads\/2024\/07\/BASLR-Cadiz.jpg 800w, https:\/\/baslr.pt\/wp-content\/uploads\/2024\/07\/BASLR-Cadiz-281x300.jpg 281w, https:\/\/baslr.pt\/wp-content\/uploads\/2024\/07\/BASLR-Cadiz-768x820.jpg 768w\" sizes=\"(max-width: 800px) 100vw, 800px\" \/>\t\t\t\t\t\t\t\t\t\t\t\t\t\t\t<\/div>\n\t\t\t\t<\/div>\n\t\t<div class=\"elementor-element elementor-element-8f30fb4 e-con-full e-flex e-con e-child\" data-id=\"8f30fb4\" data-element_type=\"container\">\n\t\t<div class=\"elementor-element elementor-element-4b68bdc e-con-full e-flex e-con e-child\" data-id=\"4b68bdc\" data-element_type=\"container\">\n\t\t\t\t<div class=\"elementor-element elementor-element-6f59495 elementor-widget elementor-widget-heading\" data-id=\"6f59495\" data-element_type=\"widget\" data-widget_type=\"heading.default\">\n\t\t\t\t<div class=\"elementor-widget-container\">\n\t\t\t\t\t<h6 class=\"elementor-heading-title elementor-size-default\">BASLR\u00ae C\u00e1diz<\/h6>\t\t\t\t<\/div>\n\t\t\t\t<\/div>\n\t\t\t\t<\/div>\n\t\t<div class=\"elementor-element elementor-element-9647e76 e-con-full e-flex e-con e-child\" data-id=\"9647e76\" data-element_type=\"container\">\n\t\t\t\t<div class=\"elementor-element elementor-element-c938246 elementor-widget elementor-widget-text-editor\" data-id=\"c938246\" data-element_type=\"widget\" data-widget_type=\"text-editor.default\">\n\t\t\t\t<div class=\"elementor-widget-container\">\n\t\t\t\t\t\t\t\t\t<p><a href=\"https:\/\/g.co\/kgs\/4eWpfk1\">PL. San Agust\u00edn, 2, 11005 C\u00e1diz, Spain <\/a><\/p><p><a href=\"tel:644527173\">+ 34 644 527 173<\/a> <br><a href=\"mailto:info@baslr.pt\">info@baslr.pt<\/a><\/p>\t\t\t\t\t\t\t\t<\/div>\n\t\t\t\t<\/div>\n\t\t\t\t<\/div>\n\t\t\t\t<\/div>\n\t\t\t\t<\/div>\n\t\t<div class=\"elementor-element elementor-element-ffbe3d4 e-con-full e-flex e-con e-child\" data-id=\"ffbe3d4\" data-element_type=\"container\">\n\t\t\t\t<div class=\"elementor-element elementor-element-f073758 elementor-widget elementor-widget-image\" data-id=\"f073758\" data-element_type=\"widget\" data-widget_type=\"image.default\">\n\t\t\t\t<div class=\"elementor-widget-container\">\n\t\t\t\t\t\t\t\t\t\t\t\t\t\t\t<img decoding=\"async\" width=\"800\" height=\"854\" src=\"https:\/\/baslr.pt\/wp-content\/uploads\/2024\/07\/BASLR-Lisbon.jpg\" class=\"attachment-full size-full wp-image-994\" alt=\"\" srcset=\"https:\/\/baslr.pt\/wp-content\/uploads\/2024\/07\/BASLR-Lisbon.jpg 800w, https:\/\/baslr.pt\/wp-content\/uploads\/2024\/07\/BASLR-Lisbon-281x300.jpg 281w, https:\/\/baslr.pt\/wp-content\/uploads\/2024\/07\/BASLR-Lisbon-768x820.jpg 768w\" sizes=\"(max-width: 800px) 100vw, 800px\" \/>\t\t\t\t\t\t\t\t\t\t\t\t\t\t\t<\/div>\n\t\t\t\t<\/div>\n\t\t<div class=\"elementor-element elementor-element-0a11820 e-con-full e-flex e-con e-child\" data-id=\"0a11820\" data-element_type=\"container\">\n\t\t<div class=\"elementor-element elementor-element-54892d5 e-con-full e-flex e-con e-child\" data-id=\"54892d5\" data-element_type=\"container\">\n\t\t\t\t<div class=\"elementor-element elementor-element-17c7cc9 elementor-widget elementor-widget-heading\" data-id=\"17c7cc9\" data-element_type=\"widget\" data-widget_type=\"heading.default\">\n\t\t\t\t<div class=\"elementor-widget-container\">\n\t\t\t\t\t<h6 class=\"elementor-heading-title elementor-size-default\">BASLR\u00ae Lisboa<\/h6>\t\t\t\t<\/div>\n\t\t\t\t<\/div>\n\t\t\t\t<\/div>\n\t\t<div class=\"elementor-element elementor-element-57e67f2 e-con-full e-flex e-con e-child\" data-id=\"57e67f2\" data-element_type=\"container\">\n\t\t\t\t<div class=\"elementor-element elementor-element-abb10a5 elementor-widget elementor-widget-text-editor\" data-id=\"abb10a5\" data-element_type=\"widget\" data-widget_type=\"text-editor.default\">\n\t\t\t\t<div class=\"elementor-widget-container\">\n\t\t\t\t\t\t\t\t\t<p><a href=\"http:\/\/Edif%C3%ADcio%20Micro%20Energia,%20Largo%20da%20Lagoa%20n8,%202795-116%20Linda-a-Velha,%20Portugal\" data-wplink-url-error=\"true\">Largo da Lagoa, n8, 2795-116 Linda-a-Velha, Portugal<\/a><\/p><p><a href=\"tel:912709056\">+ 351 912 709 056<\/a> <br><a href=\"mailto:info@baslr.pt\">info@baslr.pt<\/a><\/p>\t\t\t\t\t\t\t\t<\/div>\n\t\t\t\t<\/div>\n\t\t\t\t<\/div>\n\t\t\t\t<\/div>\n\t\t\t\t<\/div>\n\t\t\t\t<\/div>\n\t\t\t\t<\/div>\n\t\t\t\t<\/div>\n\t\t\t\t<\/div>\n\t\t","protected":false},"excerpt":{"rendered":"<p>LO GRANDE EST\u00c1SOBREVALORADO No somos la agencia m\u00e1s grande,pero nos dedicamos a serperfecta para ti. No tengas miedo de compartir tus ideas con nosotros. No cobramos por contestar, e incluso si no acabamos trabajando juntos, intentaremos ayudarte lo mejor posible. As\u00ed que, adelante, \u00a1mol\u00e9stanos! Solo bromeaba. Contacto BASLR\u00ae C\u00e1diz PL. San Agust\u00edn, 2, 11005 C\u00e1diz, [&hellip;]<\/p>\n","protected":false},"author":1,"featured_media":0,"parent":0,"menu_order":0,"comment_status":"closed","ping_status":"closed","template":"","meta":{"footnotes":""},"class_list":["post-1200","page","type-page","status-publish","hentry"],"yoast_head":"<!-- This site is optimized with the Yoast SEO plugin v27.3 - https:\/\/yoast.com\/product\/yoast-seo-wordpress\/ -->\n<title>Contacta con nosotros - BASLR<\/title>\n<meta name=\"robots\" content=\"index, follow, max-snippet:-1, max-image-preview:large, max-video-preview:-1\" \/>\n<link rel=\"canonical\" href=\"https:\/\/baslr.pt\/es\/contacta-con-nosotros\/\" \/>\n<meta property=\"og:locale\" content=\"es_ES\" \/>\n<meta property=\"og:type\" content=\"article\" \/>\n<meta property=\"og:title\" content=\"Contacta con nosotros - BASLR\" \/>\n<meta property=\"og:description\" content=\"LO GRANDE EST\u00c1SOBREVALORADO No somos la agencia m\u00e1s grande,pero nos dedicamos a serperfecta para ti. No tengas miedo de compartir tus ideas con nosotros. No cobramos por contestar, e incluso si no acabamos trabajando juntos, intentaremos ayudarte lo mejor posible. As\u00ed que, adelante, \u00a1mol\u00e9stanos! Solo bromeaba. Contacto BASLR\u00ae C\u00e1diz PL. San Agust\u00edn, 2, 11005 C\u00e1diz, [&hellip;]\" \/>\n<meta property=\"og:url\" content=\"https:\/\/baslr.pt\/es\/contacta-con-nosotros\/\" \/>\n<meta property=\"og:site_name\" content=\"BASLR\" \/>\n<meta property=\"article:modified_time\" content=\"2025-03-27T08:30:01+00:00\" \/>\n<meta property=\"og:image\" content=\"https:\/\/baslr.pt\/wp-content\/uploads\/2024\/07\/Image-Work-With-Us-1.jpg\" \/>\n\t<meta property=\"og:image:width\" content=\"1200\" \/>\n\t<meta property=\"og:image:height\" content=\"1755\" \/>\n\t<meta property=\"og:image:type\" content=\"image\/jpeg\" \/>\n<meta name=\"twitter:card\" content=\"summary_large_image\" \/>\n<script type=\"application\/ld+json\" class=\"yoast-schema-graph\">{\"@context\":\"https:\\\/\\\/schema.org\",\"@graph\":[{\"@type\":\"WebPage\",\"@id\":\"https:\\\/\\\/baslr.pt\\\/es\\\/contacta-con-nosotros\\\/\",\"url\":\"https:\\\/\\\/baslr.pt\\\/es\\\/contacta-con-nosotros\\\/\",\"name\":\"Contacta con nosotros - BASLR\",\"isPartOf\":{\"@id\":\"https:\\\/\\\/baslr.pt\\\/es\\\/#website\"},\"primaryImageOfPage\":{\"@id\":\"https:\\\/\\\/baslr.pt\\\/es\\\/contacta-con-nosotros\\\/#primaryimage\"},\"image\":{\"@id\":\"https:\\\/\\\/baslr.pt\\\/es\\\/contacta-con-nosotros\\\/#primaryimage\"},\"thumbnailUrl\":\"https:\\\/\\\/baslr.pt\\\/wp-content\\\/uploads\\\/2024\\\/07\\\/Image-Work-With-Us-1.jpg\",\"datePublished\":\"2024-07-03T12:20:11+00:00\",\"dateModified\":\"2025-03-27T08:30:01+00:00\",\"breadcrumb\":{\"@id\":\"https:\\\/\\\/baslr.pt\\\/es\\\/contacta-con-nosotros\\\/#breadcrumb\"},\"inLanguage\":\"es\",\"potentialAction\":[{\"@type\":\"ReadAction\",\"target\":[\"https:\\\/\\\/baslr.pt\\\/es\\\/contacta-con-nosotros\\\/\"]}]},{\"@type\":\"ImageObject\",\"inLanguage\":\"es\",\"@id\":\"https:\\\/\\\/baslr.pt\\\/es\\\/contacta-con-nosotros\\\/#primaryimage\",\"url\":\"https:\\\/\\\/baslr.pt\\\/wp-content\\\/uploads\\\/2024\\\/07\\\/Image-Work-With-Us-1.jpg\",\"contentUrl\":\"https:\\\/\\\/baslr.pt\\\/wp-content\\\/uploads\\\/2024\\\/07\\\/Image-Work-With-Us-1.jpg\"},{\"@type\":\"BreadcrumbList\",\"@id\":\"https:\\\/\\\/baslr.pt\\\/es\\\/contacta-con-nosotros\\\/#breadcrumb\",\"itemListElement\":[{\"@type\":\"ListItem\",\"position\":1,\"name\":\"Home\",\"item\":\"https:\\\/\\\/baslr.pt\\\/es\\\/\"},{\"@type\":\"ListItem\",\"position\":2,\"name\":\"Contacta con nosotros\"}]},{\"@type\":\"WebSite\",\"@id\":\"https:\\\/\\\/baslr.pt\\\/es\\\/#website\",\"url\":\"https:\\\/\\\/baslr.pt\\\/es\\\/\",\"name\":\"BASLR\",\"description\":\"\",\"publisher\":{\"@id\":\"https:\\\/\\\/baslr.pt\\\/es\\\/#organization\"},\"potentialAction\":[{\"@type\":\"SearchAction\",\"target\":{\"@type\":\"EntryPoint\",\"urlTemplate\":\"https:\\\/\\\/baslr.pt\\\/es\\\/?s={search_term_string}\"},\"query-input\":{\"@type\":\"PropertyValueSpecification\",\"valueRequired\":true,\"valueName\":\"search_term_string\"}}],\"inLanguage\":\"es\"},{\"@type\":\"Organization\",\"@id\":\"https:\\\/\\\/baslr.pt\\\/es\\\/#organization\",\"name\":\"BASLR\",\"url\":\"https:\\\/\\\/baslr.pt\\\/es\\\/\",\"logo\":{\"@type\":\"ImageObject\",\"inLanguage\":\"es\",\"@id\":\"https:\\\/\\\/baslr.pt\\\/es\\\/#\\\/schema\\\/logo\\\/image\\\/\",\"url\":\"https:\\\/\\\/baslr.pt\\\/wp-content\\\/uploads\\\/2024\\\/06\\\/Logo-BASLR_Header.svg\",\"contentUrl\":\"https:\\\/\\\/baslr.pt\\\/wp-content\\\/uploads\\\/2024\\\/06\\\/Logo-BASLR_Header.svg\",\"width\":187,\"height\":41,\"caption\":\"BASLR\"},\"image\":{\"@id\":\"https:\\\/\\\/baslr.pt\\\/es\\\/#\\\/schema\\\/logo\\\/image\\\/\"},\"sameAs\":[\"https:\\\/\\\/www.instagram.com\\\/baslrcreative\\\/\",\"https:\\\/\\\/www.linkedin.com\\\/company\\\/baslr\\\/posts\\\/?feedView=all\"]}]}<\/script>\n<!-- \/ Yoast SEO plugin. -->","yoast_head_json":{"title":"Contacta con nosotros - BASLR","robots":{"index":"index","follow":"follow","max-snippet":"max-snippet:-1","max-image-preview":"max-image-preview:large","max-video-preview":"max-video-preview:-1"},"canonical":"https:\/\/baslr.pt\/es\/contacta-con-nosotros\/","og_locale":"es_ES","og_type":"article","og_title":"Contacta con nosotros - BASLR","og_description":"LO GRANDE EST\u00c1SOBREVALORADO No somos la agencia m\u00e1s grande,pero nos dedicamos a serperfecta para ti. No tengas miedo de compartir tus ideas con nosotros. No cobramos por contestar, e incluso si no acabamos trabajando juntos, intentaremos ayudarte lo mejor posible. As\u00ed que, adelante, \u00a1mol\u00e9stanos! Solo bromeaba. Contacto BASLR\u00ae C\u00e1diz PL. San Agust\u00edn, 2, 11005 C\u00e1diz, [&hellip;]","og_url":"https:\/\/baslr.pt\/es\/contacta-con-nosotros\/","og_site_name":"BASLR","article_modified_time":"2025-03-27T08:30:01+00:00","og_image":[{"width":1200,"height":1755,"url":"https:\/\/baslr.pt\/wp-content\/uploads\/2024\/07\/Image-Work-With-Us-1.jpg","type":"image\/jpeg"}],"twitter_card":"summary_large_image","schema":{"@context":"https:\/\/schema.org","@graph":[{"@type":"WebPage","@id":"https:\/\/baslr.pt\/es\/contacta-con-nosotros\/","url":"https:\/\/baslr.pt\/es\/contacta-con-nosotros\/","name":"Contacta con nosotros - BASLR","isPartOf":{"@id":"https:\/\/baslr.pt\/es\/#website"},"primaryImageOfPage":{"@id":"https:\/\/baslr.pt\/es\/contacta-con-nosotros\/#primaryimage"},"image":{"@id":"https:\/\/baslr.pt\/es\/contacta-con-nosotros\/#primaryimage"},"thumbnailUrl":"https:\/\/baslr.pt\/wp-content\/uploads\/2024\/07\/Image-Work-With-Us-1.jpg","datePublished":"2024-07-03T12:20:11+00:00","dateModified":"2025-03-27T08:30:01+00:00","breadcrumb":{"@id":"https:\/\/baslr.pt\/es\/contacta-con-nosotros\/#breadcrumb"},"inLanguage":"es","potentialAction":[{"@type":"ReadAction","target":["https:\/\/baslr.pt\/es\/contacta-con-nosotros\/"]}]},{"@type":"ImageObject","inLanguage":"es","@id":"https:\/\/baslr.pt\/es\/contacta-con-nosotros\/#primaryimage","url":"https:\/\/baslr.pt\/wp-content\/uploads\/2024\/07\/Image-Work-With-Us-1.jpg","contentUrl":"https:\/\/baslr.pt\/wp-content\/uploads\/2024\/07\/Image-Work-With-Us-1.jpg"},{"@type":"BreadcrumbList","@id":"https:\/\/baslr.pt\/es\/contacta-con-nosotros\/#breadcrumb","itemListElement":[{"@type":"ListItem","position":1,"name":"Home","item":"https:\/\/baslr.pt\/es\/"},{"@type":"ListItem","position":2,"name":"Contacta con nosotros"}]},{"@type":"WebSite","@id":"https:\/\/baslr.pt\/es\/#website","url":"https:\/\/baslr.pt\/es\/","name":"BASLR","description":"","publisher":{"@id":"https:\/\/baslr.pt\/es\/#organization"},"potentialAction":[{"@type":"SearchAction","target":{"@type":"EntryPoint","urlTemplate":"https:\/\/baslr.pt\/es\/?s={search_term_string}"},"query-input":{"@type":"PropertyValueSpecification","valueRequired":true,"valueName":"search_term_string"}}],"inLanguage":"es"},{"@type":"Organization","@id":"https:\/\/baslr.pt\/es\/#organization","name":"BASLR","url":"https:\/\/baslr.pt\/es\/","logo":{"@type":"ImageObject","inLanguage":"es","@id":"https:\/\/baslr.pt\/es\/#\/schema\/logo\/image\/","url":"https:\/\/baslr.pt\/wp-content\/uploads\/2024\/06\/Logo-BASLR_Header.svg","contentUrl":"https:\/\/baslr.pt\/wp-content\/uploads\/2024\/06\/Logo-BASLR_Header.svg","width":187,"height":41,"caption":"BASLR"},"image":{"@id":"https:\/\/baslr.pt\/es\/#\/schema\/logo\/image\/"},"sameAs":["https:\/\/www.instagram.com\/baslrcreative\/","https:\/\/www.linkedin.com\/company\/baslr\/posts\/?feedView=all"]}]}},"_links":{"self":[{"href":"https:\/\/baslr.pt\/es\/wp-json\/wp\/v2\/pages\/1200","targetHints":{"allow":["GET"]}}],"collection":[{"href":"https:\/\/baslr.pt\/es\/wp-json\/wp\/v2\/pages"}],"about":[{"href":"https:\/\/baslr.pt\/es\/wp-json\/wp\/v2\/types\/page"}],"author":[{"embeddable":true,"href":"https:\/\/baslr.pt\/es\/wp-json\/wp\/v2\/users\/1"}],"replies":[{"embeddable":true,"href":"https:\/\/baslr.pt\/es\/wp-json\/wp\/v2\/comments?post=1200"}],"version-history":[{"count":1,"href":"https:\/\/baslr.pt\/es\/wp-json\/wp\/v2\/pages\/1200\/revisions"}],"predecessor-version":[{"id":1201,"href":"https:\/\/baslr.pt\/es\/wp-json\/wp\/v2\/pages\/1200\/revisions\/1201"}],"wp:attachment":[{"href":"https:\/\/baslr.pt\/es\/wp-json\/wp\/v2\/media?parent=1200"}],"curies":[{"name":"wp","href":"https:\/\/api.w.org\/{rel}","templated":true}]}}