{"id":1202,"date":"2024-08-13T11:59:22","date_gmt":"2024-08-13T11:59:22","guid":{"rendered":"https:\/\/baslr.pt\/terminos-y-condiciones\/"},"modified":"2025-03-27T08:34:26","modified_gmt":"2025-03-27T08:34:26","slug":"terminos-y-condiciones","status":"publish","type":"page","link":"https:\/\/baslr.pt\/es\/terminos-y-condiciones\/","title":{"rendered":"T\u00e9rminos y Condiciones"},"content":{"rendered":"\t\t<div data-elementor-type=\"wp-page\" data-elementor-id=\"1202\" class=\"elementor elementor-1202 elementor-625\" data-elementor-post-type=\"page\">\n\t\t\t\t<div class=\"elementor-element elementor-element-f7c9f32 e-con-full e-flex e-con e-parent\" data-id=\"f7c9f32\" data-element_type=\"container\">\n\t\t<div class=\"elementor-element elementor-element-7dc3198 e-con-full e-flex e-con e-child\" data-id=\"7dc3198\" data-element_type=\"container\">\n\t\t\t\t<div class=\"elementor-element elementor-element-538f31b elementor-widget elementor-widget-heading\" data-id=\"538f31b\" data-element_type=\"widget\" data-widget_type=\"heading.default\">\n\t\t\t\t<div class=\"elementor-widget-container\">\n\t\t\t\t\t<h1 class=\"elementor-heading-title elementor-size-default\">T\u00e9rminos y Condiciones<\/h1>\t\t\t\t<\/div>\n\t\t\t\t<\/div>\n\t\t\t\t<div class=\"elementor-element elementor-element-20c8fa1 elementor-widget elementor-widget-text-editor\" data-id=\"20c8fa1\" data-element_type=\"widget\" data-widget_type=\"text-editor.default\">\n\t\t\t\t<div class=\"elementor-widget-container\">\n\t\t\t\t\t\t\t\t\t<div class=\"flex flex-grow flex-col max-w-full\"><div class=\"min-h-[20px] text-message flex w-full flex-col items-end gap-2 whitespace-pre-wrap break-words [.text-message+&amp;]:mt-5 overflow-x-auto\" dir=\"auto\" data-message-author-role=\"assistant\" data-message-id=\"2a71decb-b158-4ed3-906b-a8ce56db3c50\"><div class=\"flex w-full flex-col gap-1 empty:hidden first:pt-[3px]\"><div class=\"markdown prose w-full break-words dark:prose-invert light\"><p>Estos T\u00e9rminos y Condiciones regulan el uso de los servicios prestados por BASLR Creative Consulting lda. Al contratar nuestros servicios, aceptas cumplir con estos t\u00e9rminos y quedar vinculado por ellos. <\/p><h3><strong>Informaci\u00f3n de empresa<\/strong><\/h3><p>BASLR Creative Consulting Ida<br>NIF: PT515699730<br>Direcci\u00f3n: Largo da Lagoa, n8, Edificio Micro Energia, 2795116, Linda a Velha, Portugal<br>Email: <a href=\"mailto:fprojecto@baslr.pt\">fprojecto@baslr.pt<\/a><br>Tel\u00e9fono: +34 644 52 71 73<\/p><h3><strong>Servicios<\/strong><\/h3><p>BASLR Creative Consulting lda ofrece servicios de consultor\u00eda tal y como se describen en nuestro sitio web y mediante acuerdos directos con nuestros clientes. Nos esforzamos por garantizar la precisi\u00f3n de la informaci\u00f3n proporcionada, pero no podemos asegurar que toda la informaci\u00f3n est\u00e9 libre de errores. <\/p><h3><strong>Condiciones de pago<\/strong><\/h3><p>Todos los honorarios por los servicios deber\u00e1n abonarse seg\u00fan lo acordado en el contrato. Aceptamos diversos m\u00e9todos de pago, los cuales se comunicar\u00e1n durante el proceso de acuerdo. Cualquier retraso en los pagos podr\u00e1 derivar en cargos adicionales o en la suspensi\u00f3n de los servicios.  <\/p><h3><strong>Responsabilidad<\/strong><\/h3><p>BASLR Creative Consulting lda no ser\u00e1 responsable de ning\u00fan da\u00f1o indirecto, incidental o consecuente derivado del uso de nuestros servicios. Nuestra responsabilidad total se limita al importe abonado por el cliente por los servicios prestados. <\/p><h3><strong>Legislaci\u00f3n aplicable<\/strong><\/h3><p>Estos T\u00e9rminos y Condiciones se regir\u00e1n e interpretar\u00e1n de acuerdo con las leyes de Portugal. Cualquier disputa derivada de estos t\u00e9rminos o relacionada con ellos estar\u00e1 sujeta a la jurisdicci\u00f3n exclusiva de los tribunales de Lisboa, Portugal. <\/p><h3><strong>Informaci\u00f3n de contacto<\/strong><\/h3><p>Para cualquier consulta relacionada con estos T\u00e9rminos y Condiciones, por favor cont\u00e1ctanos en:<\/p><p>Email: <a href=\"mailto:fprojecto@baslr.pt\">fprojecto@baslr.pt<\/a><br>Tel\u00e9fono: +34 644 52 71 73<br>Direcci\u00f3n: Largo da Lagoa, n8, Edificio Micro Energia, 2795116, Linda a Velha, Portugal<\/p><\/div><\/div><\/div><\/div>\t\t\t\t\t\t\t\t<\/div>\n\t\t\t\t<\/div>\n\t\t\t\t<\/div>\n\t\t\t\t<\/div>\n\t\t\t\t<\/div>\n\t\t","protected":false},"excerpt":{"rendered":"<p>T\u00e9rminos y Condiciones Estos T\u00e9rminos y Condiciones regulan el uso de los servicios prestados por BASLR Creative Consulting lda. Al contratar nuestros servicios, aceptas cumplir con estos t\u00e9rminos y quedar vinculado por ellos. Informaci\u00f3n de empresa BASLR Creative Consulting IdaNIF: PT515699730Direcci\u00f3n: Largo da Lagoa, n8, Edificio Micro Energia, 2795116, Linda a Velha, PortugalEmail: fprojecto@baslr.ptTel\u00e9fono: +34 [&hellip;]<\/p>\n","protected":false},"author":1,"featured_media":0,"parent":0,"menu_order":0,"comment_status":"closed","ping_status":"closed","template":"","meta":{"footnotes":""},"class_list":["post-1202","page","type-page","status-publish","hentry"],"yoast_head":"<!-- This site is optimized with the Yoast SEO plugin v27.3 - https:\/\/yoast.com\/product\/yoast-seo-wordpress\/ -->\n<title>T\u00e9rminos y Condiciones - BASLR<\/title>\n<meta name=\"robots\" content=\"noindex, follow\" \/>\n<meta property=\"og:locale\" content=\"es_ES\" \/>\n<meta property=\"og:type\" content=\"article\" \/>\n<meta property=\"og:title\" content=\"T\u00e9rminos y Condiciones - BASLR\" \/>\n<meta property=\"og:description\" content=\"T\u00e9rminos y Condiciones Estos T\u00e9rminos y Condiciones regulan el uso de los servicios prestados por BASLR Creative Consulting lda. Al contratar nuestros servicios, aceptas cumplir con estos t\u00e9rminos y quedar vinculado por ellos. Informaci\u00f3n de empresa BASLR Creative Consulting IdaNIF: PT515699730Direcci\u00f3n: Largo da Lagoa, n8, Edificio Micro Energia, 2795116, Linda a Velha, PortugalEmail: fprojecto@baslr.ptTel\u00e9fono: +34 [&hellip;]\" \/>\n<meta property=\"og:url\" content=\"https:\/\/baslr.pt\/es\/terminos-y-condiciones\/\" \/>\n<meta property=\"og:site_name\" content=\"BASLR\" \/>\n<meta property=\"article:modified_time\" content=\"2025-03-27T08:34:26+00:00\" \/>\n<meta name=\"twitter:card\" content=\"summary_large_image\" \/>\n<meta name=\"twitter:label1\" content=\"Tiempo de lectura\" \/>\n\t<meta name=\"twitter:data1\" content=\"1 minuto\" \/>\n<script type=\"application\/ld+json\" class=\"yoast-schema-graph\">{\"@context\":\"https:\\\/\\\/schema.org\",\"@graph\":[{\"@type\":\"WebPage\",\"@id\":\"https:\\\/\\\/baslr.pt\\\/es\\\/terminos-y-condiciones\\\/\",\"url\":\"https:\\\/\\\/baslr.pt\\\/es\\\/terminos-y-condiciones\\\/\",\"name\":\"T\u00e9rminos y Condiciones - BASLR\",\"isPartOf\":{\"@id\":\"https:\\\/\\\/baslr.pt\\\/es\\\/#website\"},\"datePublished\":\"2024-08-13T11:59:22+00:00\",\"dateModified\":\"2025-03-27T08:34:26+00:00\",\"breadcrumb\":{\"@id\":\"https:\\\/\\\/baslr.pt\\\/es\\\/terminos-y-condiciones\\\/#breadcrumb\"},\"inLanguage\":\"es\",\"potentialAction\":[{\"@type\":\"ReadAction\",\"target\":[\"https:\\\/\\\/baslr.pt\\\/es\\\/terminos-y-condiciones\\\/\"]}]},{\"@type\":\"BreadcrumbList\",\"@id\":\"https:\\\/\\\/baslr.pt\\\/es\\\/terminos-y-condiciones\\\/#breadcrumb\",\"itemListElement\":[{\"@type\":\"ListItem\",\"position\":1,\"name\":\"Home\",\"item\":\"https:\\\/\\\/baslr.pt\\\/es\\\/\"},{\"@type\":\"ListItem\",\"position\":2,\"name\":\"T\u00e9rminos y Condiciones\"}]},{\"@type\":\"WebSite\",\"@id\":\"https:\\\/\\\/baslr.pt\\\/es\\\/#website\",\"url\":\"https:\\\/\\\/baslr.pt\\\/es\\\/\",\"name\":\"BASLR\",\"description\":\"\",\"publisher\":{\"@id\":\"https:\\\/\\\/baslr.pt\\\/es\\\/#organization\"},\"potentialAction\":[{\"@type\":\"SearchAction\",\"target\":{\"@type\":\"EntryPoint\",\"urlTemplate\":\"https:\\\/\\\/baslr.pt\\\/es\\\/?s={search_term_string}\"},\"query-input\":{\"@type\":\"PropertyValueSpecification\",\"valueRequired\":true,\"valueName\":\"search_term_string\"}}],\"inLanguage\":\"es\"},{\"@type\":\"Organization\",\"@id\":\"https:\\\/\\\/baslr.pt\\\/es\\\/#organization\",\"name\":\"BASLR\",\"url\":\"https:\\\/\\\/baslr.pt\\\/es\\\/\",\"logo\":{\"@type\":\"ImageObject\",\"inLanguage\":\"es\",\"@id\":\"https:\\\/\\\/baslr.pt\\\/es\\\/#\\\/schema\\\/logo\\\/image\\\/\",\"url\":\"https:\\\/\\\/baslr.pt\\\/wp-content\\\/uploads\\\/2024\\\/06\\\/Logo-BASLR_Header.svg\",\"contentUrl\":\"https:\\\/\\\/baslr.pt\\\/wp-content\\\/uploads\\\/2024\\\/06\\\/Logo-BASLR_Header.svg\",\"width\":187,\"height\":41,\"caption\":\"BASLR\"},\"image\":{\"@id\":\"https:\\\/\\\/baslr.pt\\\/es\\\/#\\\/schema\\\/logo\\\/image\\\/\"},\"sameAs\":[\"https:\\\/\\\/www.instagram.com\\\/baslrcreative\\\/\",\"https:\\\/\\\/www.linkedin.com\\\/company\\\/baslr\\\/posts\\\/?feedView=all\"]}]}<\/script>\n<!-- \/ Yoast SEO plugin. -->","yoast_head_json":{"title":"T\u00e9rminos y Condiciones - BASLR","robots":{"index":"noindex","follow":"follow"},"og_locale":"es_ES","og_type":"article","og_title":"T\u00e9rminos y Condiciones - BASLR","og_description":"T\u00e9rminos y Condiciones Estos T\u00e9rminos y Condiciones regulan el uso de los servicios prestados por BASLR Creative Consulting lda. Al contratar nuestros servicios, aceptas cumplir con estos t\u00e9rminos y quedar vinculado por ellos. Informaci\u00f3n de empresa BASLR Creative Consulting IdaNIF: PT515699730Direcci\u00f3n: Largo da Lagoa, n8, Edificio Micro Energia, 2795116, Linda a Velha, PortugalEmail: fprojecto@baslr.ptTel\u00e9fono: +34 [&hellip;]","og_url":"https:\/\/baslr.pt\/es\/terminos-y-condiciones\/","og_site_name":"BASLR","article_modified_time":"2025-03-27T08:34:26+00:00","twitter_card":"summary_large_image","twitter_misc":{"Tiempo de lectura":"1 minuto"},"schema":{"@context":"https:\/\/schema.org","@graph":[{"@type":"WebPage","@id":"https:\/\/baslr.pt\/es\/terminos-y-condiciones\/","url":"https:\/\/baslr.pt\/es\/terminos-y-condiciones\/","name":"T\u00e9rminos y Condiciones - BASLR","isPartOf":{"@id":"https:\/\/baslr.pt\/es\/#website"},"datePublished":"2024-08-13T11:59:22+00:00","dateModified":"2025-03-27T08:34:26+00:00","breadcrumb":{"@id":"https:\/\/baslr.pt\/es\/terminos-y-condiciones\/#breadcrumb"},"inLanguage":"es","potentialAction":[{"@type":"ReadAction","target":["https:\/\/baslr.pt\/es\/terminos-y-condiciones\/"]}]},{"@type":"BreadcrumbList","@id":"https:\/\/baslr.pt\/es\/terminos-y-condiciones\/#breadcrumb","itemListElement":[{"@type":"ListItem","position":1,"name":"Home","item":"https:\/\/baslr.pt\/es\/"},{"@type":"ListItem","position":2,"name":"T\u00e9rminos y Condiciones"}]},{"@type":"WebSite","@id":"https:\/\/baslr.pt\/es\/#website","url":"https:\/\/baslr.pt\/es\/","name":"BASLR","description":"","publisher":{"@id":"https:\/\/baslr.pt\/es\/#organization"},"potentialAction":[{"@type":"SearchAction","target":{"@type":"EntryPoint","urlTemplate":"https:\/\/baslr.pt\/es\/?s={search_term_string}"},"query-input":{"@type":"PropertyValueSpecification","valueRequired":true,"valueName":"search_term_string"}}],"inLanguage":"es"},{"@type":"Organization","@id":"https:\/\/baslr.pt\/es\/#organization","name":"BASLR","url":"https:\/\/baslr.pt\/es\/","logo":{"@type":"ImageObject","inLanguage":"es","@id":"https:\/\/baslr.pt\/es\/#\/schema\/logo\/image\/","url":"https:\/\/baslr.pt\/wp-content\/uploads\/2024\/06\/Logo-BASLR_Header.svg","contentUrl":"https:\/\/baslr.pt\/wp-content\/uploads\/2024\/06\/Logo-BASLR_Header.svg","width":187,"height":41,"caption":"BASLR"},"image":{"@id":"https:\/\/baslr.pt\/es\/#\/schema\/logo\/image\/"},"sameAs":["https:\/\/www.instagram.com\/baslrcreative\/","https:\/\/www.linkedin.com\/company\/baslr\/posts\/?feedView=all"]}]}},"_links":{"self":[{"href":"https:\/\/baslr.pt\/es\/wp-json\/wp\/v2\/pages\/1202","targetHints":{"allow":["GET"]}}],"collection":[{"href":"https:\/\/baslr.pt\/es\/wp-json\/wp\/v2\/pages"}],"about":[{"href":"https:\/\/baslr.pt\/es\/wp-json\/wp\/v2\/types\/page"}],"author":[{"embeddable":true,"href":"https:\/\/baslr.pt\/es\/wp-json\/wp\/v2\/users\/1"}],"replies":[{"embeddable":true,"href":"https:\/\/baslr.pt\/es\/wp-json\/wp\/v2\/comments?post=1202"}],"version-history":[{"count":1,"href":"https:\/\/baslr.pt\/es\/wp-json\/wp\/v2\/pages\/1202\/revisions"}],"predecessor-version":[{"id":1203,"href":"https:\/\/baslr.pt\/es\/wp-json\/wp\/v2\/pages\/1202\/revisions\/1203"}],"wp:attachment":[{"href":"https:\/\/baslr.pt\/es\/wp-json\/wp\/v2\/media?parent=1202"}],"curies":[{"name":"wp","href":"https:\/\/api.w.org\/{rel}","templated":true}]}}