{"id":1204,"date":"2024-08-02T16:14:30","date_gmt":"2024-08-02T16:14:30","guid":{"rendered":"https:\/\/baslr.pt\/politica-de-cookies\/"},"modified":"2025-03-27T08:40:16","modified_gmt":"2025-03-27T08:40:16","slug":"politica-de-cookies","status":"publish","type":"page","link":"https:\/\/baslr.pt\/es\/politica-de-cookies\/","title":{"rendered":"Pol\u00edtica de Cookies"},"content":{"rendered":"\n<p>Entrada en vigor: 02-Aug-2024<br\/>\u00daltima actualizaci\u00f3n: 02-Aug-2024<\/p>\n\n<p><\/p>\n\n<p>\u00bfQu\u00e9 son las cookies? Esta Pol\u00edtica de Cookies explica qu\u00e9 son las cookies y c\u00f3mo las utilizamos, los tipos de cookies que empleamos (es decir, la informaci\u00f3n que recopilamos mediante cookies y c\u00f3mo se utiliza), y c\u00f3mo gestionar la configuraci\u00f3n de cookies. <br\/><br\/>Las cookies son peque\u00f1os archivos de texto que se utilizan para almacenar fragmentos de informaci\u00f3n. Se guardan en tu dispositivo cuando el sitio web se carga en tu navegador. Estas cookies nos ayudan a que el sitio web funcione correctamente, sea m\u00e1s seguro, proporcione una mejor experiencia de usuario y nos permita entender c\u00f3mo funciona el sitio web y analizar qu\u00e9 funciona y qu\u00e9 necesita mejorar.  <br\/><br\/>\u00bfC\u00f3mo usamos las cookies? Como en la mayor\u00eda de los servicios en l\u00ednea, nuestro sitio web utiliza cookies propias y de terceros para varios prop\u00f3sitos. Las cookies propias son principalmente necesarias para que el sitio funcione correctamente y no recopilan ning\u00fan dato personal identificable.  <\/p>\n\n<p>Las cookies de terceros utilizadas en nuestro sitio web se emplean principalmente para entender c\u00f3mo funciona el sitio, c\u00f3mo interact\u00faas con \u00e9l, mantener nuestros servicios seguros, ofrecer publicidad relevante para ti y, en general, proporcionarte una mejor experiencia de usuario y agilizar tus futuras interacciones con nuestra web.<\/p>\n\n<p>Tipos de cookies que usamos | Gestionar preferencias de cookies | Configuraci\u00f3n de cookies<br\/>Puedes cambiar tus preferencias de cookies en cualquier momento haciendo clic en el bot\u00f3n anterior. Esto te permitir\u00e1 volver a ver el banner de consentimiento y modificar tus preferencias o retirar tu consentimiento en cualquier momento. <br\/><br\/>Adem\u00e1s, distintos navegadores ofrecen m\u00e9todos diferentes para bloquear y eliminar cookies utilizadas por los sitios web. Puedes cambiar la configuraci\u00f3n de tu navegador para bloquear o eliminar las cookies. A continuaci\u00f3n se proporcionan enlaces a documentos de ayuda sobre c\u00f3mo gestionar y eliminar cookies en los principales navegadores web.<br\/>Chrome: <a href=\"https:\/\/support.google.com\/accounts\/answer\/32050\">https:\/\/support.google.com\/accounts\/answer\/32050<\/a><br\/>Safari: <a href=\"https:\/\/support.apple.com\/en-in\/guide\/safari\/sfri11471\/mac\">https:\/\/support.apple.com\/en-in\/guide\/safari\/sfri11471\/mac<\/a><br\/>Firefox: <a href=\"https:\/\/support.mozilla.org\/en-US\/kb\/clear-cookies-and-site-data-firefox?redirectslug=delete-cookies-remove-info-websites-stored&amp;redirectlocale=en-US\">https:\/\/support.mozilla.org\/en-US\/kb\/clear-cookies-and-site-data-firefox?redirectslug=delete-cookies-remove-info-websites-stored&amp;redirectlocale=en-US<\/a><br\/>Internet Explorer: <a href=\"https:\/\/support.microsoft.com\/en-us\/topic\/how-to-delete-cookie-files-in-internet-explorer-bca9446f-d873-78de-77ba-d42645fa52fc\">https:\/\/support.microsoft.com\/en-us\/topic\/how-to-delete-cookie-files-in-internet-explorer-bca9446f-d873-78de-77ba-d42645fa52fc<\/a>  <br\/><br\/>Si est\u00e1s utilizando cualquier otro navegador web, por favor visita los documentos de soporte oficiales de tu navegador.<br\/>Pol\u00edtica de cookies generada por CookieYes \u2013 Generador de pol\u00edticas de cookies.<\/p>\n\n<div style=\"height:100px\" aria-hidden=\"true\" class=\"wp-block-spacer\"><\/div>\n","protected":false},"excerpt":{"rendered":"<p>Entrada en vigor: 02-Aug-2024\u00daltima actualizaci\u00f3n: 02-Aug-2024 \u00bfQu\u00e9 son las cookies? Esta Pol\u00edtica de Cookies explica qu\u00e9 son las cookies y c\u00f3mo las utilizamos, los tipos de cookies que empleamos (es decir, la informaci\u00f3n que recopilamos mediante cookies y c\u00f3mo se utiliza), y c\u00f3mo gestionar la configuraci\u00f3n de cookies. Las cookies son peque\u00f1os archivos de texto [&hellip;]<\/p>\n","protected":false},"author":1,"featured_media":0,"parent":0,"menu_order":0,"comment_status":"closed","ping_status":"closed","template":"","meta":{"footnotes":""},"class_list":["post-1204","page","type-page","status-publish","hentry"],"yoast_head":"<!-- This site is optimized with the Yoast SEO plugin v27.3 - https:\/\/yoast.com\/product\/yoast-seo-wordpress\/ -->\n<title>Pol\u00edtica de Cookies - BASLR<\/title>\n<meta name=\"robots\" content=\"noindex, follow\" \/>\n<meta property=\"og:locale\" content=\"es_ES\" \/>\n<meta property=\"og:type\" content=\"article\" \/>\n<meta property=\"og:title\" content=\"Pol\u00edtica de Cookies - BASLR\" \/>\n<meta property=\"og:description\" content=\"Entrada en vigor: 02-Aug-2024\u00daltima actualizaci\u00f3n: 02-Aug-2024 \u00bfQu\u00e9 son las cookies? Esta Pol\u00edtica de Cookies explica qu\u00e9 son las cookies y c\u00f3mo las utilizamos, los tipos de cookies que empleamos (es decir, la informaci\u00f3n que recopilamos mediante cookies y c\u00f3mo se utiliza), y c\u00f3mo gestionar la configuraci\u00f3n de cookies. Las cookies son peque\u00f1os archivos de texto [&hellip;]\" \/>\n<meta property=\"og:url\" content=\"https:\/\/baslr.pt\/es\/politica-de-cookies\/\" \/>\n<meta property=\"og:site_name\" content=\"BASLR\" \/>\n<meta property=\"article:modified_time\" content=\"2025-03-27T08:40:16+00:00\" \/>\n<meta name=\"twitter:card\" content=\"summary_large_image\" \/>\n<meta name=\"twitter:label1\" content=\"Tiempo de lectura\" \/>\n\t<meta name=\"twitter:data1\" content=\"2 minutos\" \/>\n<script type=\"application\/ld+json\" class=\"yoast-schema-graph\">{\"@context\":\"https:\\\/\\\/schema.org\",\"@graph\":[{\"@type\":\"WebPage\",\"@id\":\"https:\\\/\\\/baslr.pt\\\/es\\\/politica-de-cookies\\\/\",\"url\":\"https:\\\/\\\/baslr.pt\\\/es\\\/politica-de-cookies\\\/\",\"name\":\"Pol\u00edtica de Cookies - BASLR\",\"isPartOf\":{\"@id\":\"https:\\\/\\\/baslr.pt\\\/es\\\/#website\"},\"datePublished\":\"2024-08-02T16:14:30+00:00\",\"dateModified\":\"2025-03-27T08:40:16+00:00\",\"breadcrumb\":{\"@id\":\"https:\\\/\\\/baslr.pt\\\/es\\\/politica-de-cookies\\\/#breadcrumb\"},\"inLanguage\":\"es\",\"potentialAction\":[{\"@type\":\"ReadAction\",\"target\":[\"https:\\\/\\\/baslr.pt\\\/es\\\/politica-de-cookies\\\/\"]}]},{\"@type\":\"BreadcrumbList\",\"@id\":\"https:\\\/\\\/baslr.pt\\\/es\\\/politica-de-cookies\\\/#breadcrumb\",\"itemListElement\":[{\"@type\":\"ListItem\",\"position\":1,\"name\":\"Home\",\"item\":\"https:\\\/\\\/baslr.pt\\\/es\\\/\"},{\"@type\":\"ListItem\",\"position\":2,\"name\":\"Pol\u00edtica de Cookies\"}]},{\"@type\":\"WebSite\",\"@id\":\"https:\\\/\\\/baslr.pt\\\/es\\\/#website\",\"url\":\"https:\\\/\\\/baslr.pt\\\/es\\\/\",\"name\":\"BASLR\",\"description\":\"\",\"publisher\":{\"@id\":\"https:\\\/\\\/baslr.pt\\\/es\\\/#organization\"},\"potentialAction\":[{\"@type\":\"SearchAction\",\"target\":{\"@type\":\"EntryPoint\",\"urlTemplate\":\"https:\\\/\\\/baslr.pt\\\/es\\\/?s={search_term_string}\"},\"query-input\":{\"@type\":\"PropertyValueSpecification\",\"valueRequired\":true,\"valueName\":\"search_term_string\"}}],\"inLanguage\":\"es\"},{\"@type\":\"Organization\",\"@id\":\"https:\\\/\\\/baslr.pt\\\/es\\\/#organization\",\"name\":\"BASLR\",\"url\":\"https:\\\/\\\/baslr.pt\\\/es\\\/\",\"logo\":{\"@type\":\"ImageObject\",\"inLanguage\":\"es\",\"@id\":\"https:\\\/\\\/baslr.pt\\\/es\\\/#\\\/schema\\\/logo\\\/image\\\/\",\"url\":\"https:\\\/\\\/baslr.pt\\\/wp-content\\\/uploads\\\/2024\\\/06\\\/Logo-BASLR_Header.svg\",\"contentUrl\":\"https:\\\/\\\/baslr.pt\\\/wp-content\\\/uploads\\\/2024\\\/06\\\/Logo-BASLR_Header.svg\",\"width\":187,\"height\":41,\"caption\":\"BASLR\"},\"image\":{\"@id\":\"https:\\\/\\\/baslr.pt\\\/es\\\/#\\\/schema\\\/logo\\\/image\\\/\"},\"sameAs\":[\"https:\\\/\\\/www.instagram.com\\\/baslrcreative\\\/\",\"https:\\\/\\\/www.linkedin.com\\\/company\\\/baslr\\\/posts\\\/?feedView=all\"]}]}<\/script>\n<!-- \/ Yoast SEO plugin. -->","yoast_head_json":{"title":"Pol\u00edtica de Cookies - BASLR","robots":{"index":"noindex","follow":"follow"},"og_locale":"es_ES","og_type":"article","og_title":"Pol\u00edtica de Cookies - BASLR","og_description":"Entrada en vigor: 02-Aug-2024\u00daltima actualizaci\u00f3n: 02-Aug-2024 \u00bfQu\u00e9 son las cookies? Esta Pol\u00edtica de Cookies explica qu\u00e9 son las cookies y c\u00f3mo las utilizamos, los tipos de cookies que empleamos (es decir, la informaci\u00f3n que recopilamos mediante cookies y c\u00f3mo se utiliza), y c\u00f3mo gestionar la configuraci\u00f3n de cookies. Las cookies son peque\u00f1os archivos de texto [&hellip;]","og_url":"https:\/\/baslr.pt\/es\/politica-de-cookies\/","og_site_name":"BASLR","article_modified_time":"2025-03-27T08:40:16+00:00","twitter_card":"summary_large_image","twitter_misc":{"Tiempo de lectura":"2 minutos"},"schema":{"@context":"https:\/\/schema.org","@graph":[{"@type":"WebPage","@id":"https:\/\/baslr.pt\/es\/politica-de-cookies\/","url":"https:\/\/baslr.pt\/es\/politica-de-cookies\/","name":"Pol\u00edtica de Cookies - BASLR","isPartOf":{"@id":"https:\/\/baslr.pt\/es\/#website"},"datePublished":"2024-08-02T16:14:30+00:00","dateModified":"2025-03-27T08:40:16+00:00","breadcrumb":{"@id":"https:\/\/baslr.pt\/es\/politica-de-cookies\/#breadcrumb"},"inLanguage":"es","potentialAction":[{"@type":"ReadAction","target":["https:\/\/baslr.pt\/es\/politica-de-cookies\/"]}]},{"@type":"BreadcrumbList","@id":"https:\/\/baslr.pt\/es\/politica-de-cookies\/#breadcrumb","itemListElement":[{"@type":"ListItem","position":1,"name":"Home","item":"https:\/\/baslr.pt\/es\/"},{"@type":"ListItem","position":2,"name":"Pol\u00edtica de Cookies"}]},{"@type":"WebSite","@id":"https:\/\/baslr.pt\/es\/#website","url":"https:\/\/baslr.pt\/es\/","name":"BASLR","description":"","publisher":{"@id":"https:\/\/baslr.pt\/es\/#organization"},"potentialAction":[{"@type":"SearchAction","target":{"@type":"EntryPoint","urlTemplate":"https:\/\/baslr.pt\/es\/?s={search_term_string}"},"query-input":{"@type":"PropertyValueSpecification","valueRequired":true,"valueName":"search_term_string"}}],"inLanguage":"es"},{"@type":"Organization","@id":"https:\/\/baslr.pt\/es\/#organization","name":"BASLR","url":"https:\/\/baslr.pt\/es\/","logo":{"@type":"ImageObject","inLanguage":"es","@id":"https:\/\/baslr.pt\/es\/#\/schema\/logo\/image\/","url":"https:\/\/baslr.pt\/wp-content\/uploads\/2024\/06\/Logo-BASLR_Header.svg","contentUrl":"https:\/\/baslr.pt\/wp-content\/uploads\/2024\/06\/Logo-BASLR_Header.svg","width":187,"height":41,"caption":"BASLR"},"image":{"@id":"https:\/\/baslr.pt\/es\/#\/schema\/logo\/image\/"},"sameAs":["https:\/\/www.instagram.com\/baslrcreative\/","https:\/\/www.linkedin.com\/company\/baslr\/posts\/?feedView=all"]}]}},"_links":{"self":[{"href":"https:\/\/baslr.pt\/es\/wp-json\/wp\/v2\/pages\/1204","targetHints":{"allow":["GET"]}}],"collection":[{"href":"https:\/\/baslr.pt\/es\/wp-json\/wp\/v2\/pages"}],"about":[{"href":"https:\/\/baslr.pt\/es\/wp-json\/wp\/v2\/types\/page"}],"author":[{"embeddable":true,"href":"https:\/\/baslr.pt\/es\/wp-json\/wp\/v2\/users\/1"}],"replies":[{"embeddable":true,"href":"https:\/\/baslr.pt\/es\/wp-json\/wp\/v2\/comments?post=1204"}],"version-history":[{"count":1,"href":"https:\/\/baslr.pt\/es\/wp-json\/wp\/v2\/pages\/1204\/revisions"}],"predecessor-version":[{"id":1205,"href":"https:\/\/baslr.pt\/es\/wp-json\/wp\/v2\/pages\/1204\/revisions\/1205"}],"wp:attachment":[{"href":"https:\/\/baslr.pt\/es\/wp-json\/wp\/v2\/media?parent=1204"}],"curies":[{"name":"wp","href":"https:\/\/api.w.org\/{rel}","templated":true}]}}