{"id":1206,"date":"2024-07-26T11:38:03","date_gmt":"2024-07-26T11:38:03","guid":{"rendered":"https:\/\/baslr.pt\/politica-de-privacidad\/"},"modified":"2025-03-27T08:53:18","modified_gmt":"2025-03-27T08:53:18","slug":"politica-de-privacidad","status":"publish","type":"page","link":"https:\/\/baslr.pt\/es\/politica-de-privacidad\/","title":{"rendered":"Pol\u00edtica de Privacidad"},"content":{"rendered":"\t\t<div data-elementor-type=\"wp-page\" data-elementor-id=\"1206\" class=\"elementor elementor-1206 elementor-589\" data-elementor-post-type=\"page\">\n\t\t\t\t<div class=\"elementor-element elementor-element-b43b6dd e-con-full e-flex e-con e-parent\" data-id=\"b43b6dd\" data-element_type=\"container\">\n\t\t<div class=\"elementor-element elementor-element-09e8d9f e-con-full e-flex e-con e-child\" data-id=\"09e8d9f\" data-element_type=\"container\">\n\t\t\t\t<div class=\"elementor-element elementor-element-45137eb elementor-widget elementor-widget-heading\" data-id=\"45137eb\" data-element_type=\"widget\" data-widget_type=\"heading.default\">\n\t\t\t\t<div class=\"elementor-widget-container\">\n\t\t\t\t\t<h1 class=\"elementor-heading-title elementor-size-default\">Pol\u00edtica de Privacidad<\/h1>\t\t\t\t<\/div>\n\t\t\t\t<\/div>\n\t\t\t\t<div class=\"elementor-element elementor-element-6bf71bc elementor-widget elementor-widget-text-editor\" data-id=\"6bf71bc\" data-element_type=\"widget\" data-widget_type=\"text-editor.default\">\n\t\t\t\t<div class=\"elementor-widget-container\">\n\t\t\t\t\t\t\t\t\t<div class=\"flex flex-grow flex-col max-w-full\"><div class=\"min-h-[20px] text-message flex w-full flex-col items-end gap-2 whitespace-pre-wrap break-words [.text-message+&amp;]:mt-5 overflow-x-auto\" dir=\"auto\" data-message-author-role=\"assistant\" data-message-id=\"2a71decb-b158-4ed3-906b-a8ce56db3c50\"><div class=\"flex w-full flex-col gap-1 empty:hidden first:pt-[3px]\"><div class=\"markdown prose w-full break-words dark:prose-invert light\"><p>BASLR Creative Consulting lda, con domicilio en Largo da Lagoa, n\u00ba8, Edificio Micro Energia, 2795116, Linda a Velha, Portugal, se compromete a proteger tus datos personales y garantizar tu privacidad. Esta Pol\u00edtica de Privacidad explica c\u00f3mo recopilamos, utilizamos, divulgamos y protegemos tu informaci\u00f3n cuando visitas nuestro sitio web o utilizas nuestros servicios. <\/p><h3><strong>Responsable del tratamiento de datos<\/strong><\/h3><p>BASLR Creative Consulting Ida<br>NIF: PT515699730<br>Direcci\u00f3n: Largo da Lagoa, n8, Edificio Micro Energia, 2795116, Linda a Velha, Portugal<br>Email: <a href=\"mailto:fprojecto@baslr.pt\">fprojecto@baslr.pt<\/a><br>Tel\u00e9fono: +34 644 52 71 73<\/p><h3><strong>Informaci\u00f3n que recopilamos<\/strong><\/h3><p>Podemos recopilar datos personales cuando visitas nuestro sitio web, utilizas nuestros servicios o te comunicas con nosotros. Estos datos pueden incluir: <\/p><ul><li>Nombre<\/li><li>Detalles de contacto (direcci\u00f3n de email, n\u00famero de tel\u00e9fono)<\/li><li>Informaci\u00f3n de facturaci\u00f3n y pago<\/li><li>Cualquier otra informaci\u00f3n que nos proporciones voluntariamente<\/li><\/ul><h3><strong>Uso de tu informaci\u00f3n<\/strong><\/h3><p>Tus datos personales se utilizar\u00e1n para los siguientes fines:<\/p><ul><li>Para proporcionar y gestionar nuestros servicios<\/li><li>Para procesar tus transacciones y gestionar los pagos<\/li><li>Para comunicarnos contigo, incluyendo la respuesta a consultas y el env\u00edo de actualizaciones<\/li><li>Para cumplir con obligaciones legales<\/li><li>Para mejorar nuestros servicios y la experiencia del usuario en nuestro sitio web<\/li><\/ul><h3><strong>Base legal para el tratamiento de datos<\/strong><\/h3><p>Tratamos tus datos personales en base a los siguientes fundamentos legales:<\/p><ul><li><strong>Ejecuci\u00f3n de un contrato:<\/strong> Para cumplir con los servicios que te prestamos.<\/li><li><strong>Obligaci\u00f3n legal<\/strong>: Para cumplir con las leyes y normativas aplicables.<\/li><li><strong>Intereses leg\u00edtimos: <\/strong>Para gestionar y mejorar nuestros servicios, siempre que estos intereses no prevalezcan sobre tus derechos y libertades.<\/li><\/ul><h3><strong>Intercambio de datos<\/strong><\/h3><p>No compartimos tus datos personales con terceros, salvo cuando sea necesario para prestar nuestros servicios o cumplir con obligaciones legales. Podemos compartir tus datos con: <\/p><ul><li>Procesadores de pago<\/li><li>Proveedores de servicios que nos asisten en nuestras operaciones<\/li><li>Autoridades legales y regulatorias cuando sea necesario<\/li><\/ul><h3><strong>Seguridad de los datos<\/strong><\/h3><p>Adoptamos las medidas de seguridad adecuadas para proteger tus datos personales frente a accesos no autorizados, divulgaci\u00f3n, alteraci\u00f3n o destrucci\u00f3n. No obstante, ten en cuenta que ninguna transmisi\u00f3n de datos por internet es completamente segura y no podemos garantizar una seguridad absoluta. <\/p><h3><strong>Tus derechos<\/strong><\/h3><p>Tienes los siguientes derechos respecto a tus datos personales:<\/p><ul><li><strong>Acceso:<\/strong> Puedes solicitar una copia de los datos personales que tenemos sobre ti.<\/li><li><strong>Rectificaci\u00f3n:<\/strong> Puedes solicitar la correcci\u00f3n de cualquier dato inexacto o incompleto<\/li><li><strong>Supresi\u00f3n:<\/strong> Puedes solicitar la eliminaci\u00f3n de tus datos en determinadas condiciones.<\/li><li><strong>Limitaci\u00f3n:<\/strong> Puedes solicitar que limitemos el tratamiento de tus datos en determinadas condiciones.<\/li><li><strong>Portabilidad de los datos: <\/strong>Puedes solicitar recibir tus datos en un formato estructurado, de uso com\u00fan y lectura mec\u00e1nica.<\/li><li><strong>Oposici\u00f3n: <\/strong>Puedes oponerte al tratamiento de tus datos en determinadas condiciones<\/li><li><strong>Retirada del consentimiento:<\/strong> Si el tratamiento se basa en tu consentimiento, puedes retirarlo en cualquier momento.<\/li><\/ul><p>Para ejercer cualquiera de estos derechos, por favor cont\u00e1ctanos en <a href=\"mailto:fprojecto@baslr.pt\">fprojecto@baslr.pt.<\/a><\/p><h3><strong>Conservaci\u00f3n de los datos<\/strong><\/h3><p>Conservaremos tus datos personales \u00fanicamente durante el tiempo necesario para cumplir con los fines para los que fueron recopilados o seg\u00fan lo exija la ley.<\/p><h3><strong>Cambios en esta Pol\u00edtica de Privacidad<\/strong><\/h3><p>Podemos actualizar esta Pol\u00edtica de Privacidad ocasionalmente. Cualquier cambio se publicar\u00e1 en nuestro sitio web con la fecha de versi\u00f3n actualizada. <\/p><h3><strong>Contacta con nosotros<\/strong><\/h3><p>Si tienes alguna pregunta o inquietud sobre esta Pol\u00edtica de Privacidad o nuestras pr\u00e1cticas de tratamiento de datos, por favor cont\u00e1ctanos en:<\/p><p>Email: <a href=\"mailto:fprojecto@baslr.pt\">fprojecto@baslr.pt<\/a><br>Tel\u00e9fono: +34 644 52 71 73<br>Direcci\u00f3n: Largo da Lagoa, n8, Edificio Micro Energia, 2795116, Linda a Velha, Portugal<\/p><\/div><\/div><\/div><\/div>\t\t\t\t\t\t\t\t<\/div>\n\t\t\t\t<\/div>\n\t\t\t\t<\/div>\n\t\t\t\t<\/div>\n\t\t\t\t<\/div>\n\t\t","protected":false},"excerpt":{"rendered":"<p>Pol\u00edtica de Privacidad BASLR Creative Consulting lda, con domicilio en Largo da Lagoa, n\u00ba8, Edificio Micro Energia, 2795116, Linda a Velha, Portugal, se compromete a proteger tus datos personales y garantizar tu privacidad. Esta Pol\u00edtica de Privacidad explica c\u00f3mo recopilamos, utilizamos, divulgamos y protegemos tu informaci\u00f3n cuando visitas nuestro sitio web o utilizas nuestros servicios. [&hellip;]<\/p>\n","protected":false},"author":1,"featured_media":0,"parent":0,"menu_order":0,"comment_status":"closed","ping_status":"closed","template":"","meta":{"footnotes":""},"class_list":["post-1206","page","type-page","status-publish","hentry"],"yoast_head":"<!-- This site is optimized with the Yoast SEO plugin v27.4 - https:\/\/yoast.com\/product\/yoast-seo-wordpress\/ -->\n<title>Pol\u00edtica de Privacidad - BASLR<\/title>\n<meta name=\"robots\" content=\"noindex, follow\" \/>\n<meta property=\"og:locale\" content=\"es_ES\" \/>\n<meta property=\"og:type\" content=\"article\" \/>\n<meta property=\"og:title\" content=\"Pol\u00edtica de Privacidad - BASLR\" \/>\n<meta property=\"og:description\" content=\"Pol\u00edtica de Privacidad BASLR Creative Consulting lda, con domicilio en Largo da Lagoa, n\u00ba8, Edificio Micro Energia, 2795116, Linda a Velha, Portugal, se compromete a proteger tus datos personales y garantizar tu privacidad. Esta Pol\u00edtica de Privacidad explica c\u00f3mo recopilamos, utilizamos, divulgamos y protegemos tu informaci\u00f3n cuando visitas nuestro sitio web o utilizas nuestros servicios. [&hellip;]\" \/>\n<meta property=\"og:url\" content=\"https:\/\/baslr.pt\/es\/politica-de-privacidad\/\" \/>\n<meta property=\"og:site_name\" content=\"BASLR\" \/>\n<meta property=\"article:modified_time\" content=\"2025-03-27T08:53:18+00:00\" \/>\n<meta name=\"twitter:card\" content=\"summary_large_image\" \/>\n<meta name=\"twitter:label1\" content=\"Tiempo de lectura\" \/>\n\t<meta name=\"twitter:data1\" content=\"3 minutos\" \/>\n<script type=\"application\/ld+json\" class=\"yoast-schema-graph\">{\"@context\":\"https:\\\/\\\/schema.org\",\"@graph\":[{\"@type\":\"WebPage\",\"@id\":\"https:\\\/\\\/baslr.pt\\\/es\\\/politica-de-privacidad\\\/\",\"url\":\"https:\\\/\\\/baslr.pt\\\/es\\\/politica-de-privacidad\\\/\",\"name\":\"Pol\u00edtica de Privacidad - BASLR\",\"isPartOf\":{\"@id\":\"https:\\\/\\\/baslr.pt\\\/es\\\/#website\"},\"datePublished\":\"2024-07-26T11:38:03+00:00\",\"dateModified\":\"2025-03-27T08:53:18+00:00\",\"breadcrumb\":{\"@id\":\"https:\\\/\\\/baslr.pt\\\/es\\\/politica-de-privacidad\\\/#breadcrumb\"},\"inLanguage\":\"es\",\"potentialAction\":[{\"@type\":\"ReadAction\",\"target\":[\"https:\\\/\\\/baslr.pt\\\/es\\\/politica-de-privacidad\\\/\"]}]},{\"@type\":\"BreadcrumbList\",\"@id\":\"https:\\\/\\\/baslr.pt\\\/es\\\/politica-de-privacidad\\\/#breadcrumb\",\"itemListElement\":[{\"@type\":\"ListItem\",\"position\":1,\"name\":\"Home\",\"item\":\"https:\\\/\\\/baslr.pt\\\/es\\\/\"},{\"@type\":\"ListItem\",\"position\":2,\"name\":\"Pol\u00edtica de Privacidad\"}]},{\"@type\":\"WebSite\",\"@id\":\"https:\\\/\\\/baslr.pt\\\/es\\\/#website\",\"url\":\"https:\\\/\\\/baslr.pt\\\/es\\\/\",\"name\":\"BASLR\",\"description\":\"\",\"publisher\":{\"@id\":\"https:\\\/\\\/baslr.pt\\\/es\\\/#organization\"},\"potentialAction\":[{\"@type\":\"SearchAction\",\"target\":{\"@type\":\"EntryPoint\",\"urlTemplate\":\"https:\\\/\\\/baslr.pt\\\/es\\\/?s={search_term_string}\"},\"query-input\":{\"@type\":\"PropertyValueSpecification\",\"valueRequired\":true,\"valueName\":\"search_term_string\"}}],\"inLanguage\":\"es\"},{\"@type\":\"Organization\",\"@id\":\"https:\\\/\\\/baslr.pt\\\/es\\\/#organization\",\"name\":\"BASLR\",\"url\":\"https:\\\/\\\/baslr.pt\\\/es\\\/\",\"logo\":{\"@type\":\"ImageObject\",\"inLanguage\":\"es\",\"@id\":\"https:\\\/\\\/baslr.pt\\\/es\\\/#\\\/schema\\\/logo\\\/image\\\/\",\"url\":\"https:\\\/\\\/baslr.pt\\\/wp-content\\\/uploads\\\/2024\\\/06\\\/Logo-BASLR_Header.svg\",\"contentUrl\":\"https:\\\/\\\/baslr.pt\\\/wp-content\\\/uploads\\\/2024\\\/06\\\/Logo-BASLR_Header.svg\",\"width\":187,\"height\":41,\"caption\":\"BASLR\"},\"image\":{\"@id\":\"https:\\\/\\\/baslr.pt\\\/es\\\/#\\\/schema\\\/logo\\\/image\\\/\"},\"sameAs\":[\"https:\\\/\\\/www.instagram.com\\\/baslrcreative\\\/\",\"https:\\\/\\\/www.linkedin.com\\\/company\\\/baslr\\\/posts\\\/?feedView=all\"]}]}<\/script>\n<!-- \/ Yoast SEO plugin. -->","yoast_head_json":{"title":"Pol\u00edtica de Privacidad - BASLR","robots":{"index":"noindex","follow":"follow"},"og_locale":"es_ES","og_type":"article","og_title":"Pol\u00edtica de Privacidad - BASLR","og_description":"Pol\u00edtica de Privacidad BASLR Creative Consulting lda, con domicilio en Largo da Lagoa, n\u00ba8, Edificio Micro Energia, 2795116, Linda a Velha, Portugal, se compromete a proteger tus datos personales y garantizar tu privacidad. Esta Pol\u00edtica de Privacidad explica c\u00f3mo recopilamos, utilizamos, divulgamos y protegemos tu informaci\u00f3n cuando visitas nuestro sitio web o utilizas nuestros servicios. [&hellip;]","og_url":"https:\/\/baslr.pt\/es\/politica-de-privacidad\/","og_site_name":"BASLR","article_modified_time":"2025-03-27T08:53:18+00:00","twitter_card":"summary_large_image","twitter_misc":{"Tiempo de lectura":"3 minutos"},"schema":{"@context":"https:\/\/schema.org","@graph":[{"@type":"WebPage","@id":"https:\/\/baslr.pt\/es\/politica-de-privacidad\/","url":"https:\/\/baslr.pt\/es\/politica-de-privacidad\/","name":"Pol\u00edtica de Privacidad - BASLR","isPartOf":{"@id":"https:\/\/baslr.pt\/es\/#website"},"datePublished":"2024-07-26T11:38:03+00:00","dateModified":"2025-03-27T08:53:18+00:00","breadcrumb":{"@id":"https:\/\/baslr.pt\/es\/politica-de-privacidad\/#breadcrumb"},"inLanguage":"es","potentialAction":[{"@type":"ReadAction","target":["https:\/\/baslr.pt\/es\/politica-de-privacidad\/"]}]},{"@type":"BreadcrumbList","@id":"https:\/\/baslr.pt\/es\/politica-de-privacidad\/#breadcrumb","itemListElement":[{"@type":"ListItem","position":1,"name":"Home","item":"https:\/\/baslr.pt\/es\/"},{"@type":"ListItem","position":2,"name":"Pol\u00edtica de Privacidad"}]},{"@type":"WebSite","@id":"https:\/\/baslr.pt\/es\/#website","url":"https:\/\/baslr.pt\/es\/","name":"BASLR","description":"","publisher":{"@id":"https:\/\/baslr.pt\/es\/#organization"},"potentialAction":[{"@type":"SearchAction","target":{"@type":"EntryPoint","urlTemplate":"https:\/\/baslr.pt\/es\/?s={search_term_string}"},"query-input":{"@type":"PropertyValueSpecification","valueRequired":true,"valueName":"search_term_string"}}],"inLanguage":"es"},{"@type":"Organization","@id":"https:\/\/baslr.pt\/es\/#organization","name":"BASLR","url":"https:\/\/baslr.pt\/es\/","logo":{"@type":"ImageObject","inLanguage":"es","@id":"https:\/\/baslr.pt\/es\/#\/schema\/logo\/image\/","url":"https:\/\/baslr.pt\/wp-content\/uploads\/2024\/06\/Logo-BASLR_Header.svg","contentUrl":"https:\/\/baslr.pt\/wp-content\/uploads\/2024\/06\/Logo-BASLR_Header.svg","width":187,"height":41,"caption":"BASLR"},"image":{"@id":"https:\/\/baslr.pt\/es\/#\/schema\/logo\/image\/"},"sameAs":["https:\/\/www.instagram.com\/baslrcreative\/","https:\/\/www.linkedin.com\/company\/baslr\/posts\/?feedView=all"]}]}},"_links":{"self":[{"href":"https:\/\/baslr.pt\/es\/wp-json\/wp\/v2\/pages\/1206","targetHints":{"allow":["GET"]}}],"collection":[{"href":"https:\/\/baslr.pt\/es\/wp-json\/wp\/v2\/pages"}],"about":[{"href":"https:\/\/baslr.pt\/es\/wp-json\/wp\/v2\/types\/page"}],"author":[{"embeddable":true,"href":"https:\/\/baslr.pt\/es\/wp-json\/wp\/v2\/users\/1"}],"replies":[{"embeddable":true,"href":"https:\/\/baslr.pt\/es\/wp-json\/wp\/v2\/comments?post=1206"}],"version-history":[{"count":1,"href":"https:\/\/baslr.pt\/es\/wp-json\/wp\/v2\/pages\/1206\/revisions"}],"predecessor-version":[{"id":1207,"href":"https:\/\/baslr.pt\/es\/wp-json\/wp\/v2\/pages\/1206\/revisions\/1207"}],"wp:attachment":[{"href":"https:\/\/baslr.pt\/es\/wp-json\/wp\/v2\/media?parent=1206"}],"curies":[{"name":"wp","href":"https:\/\/api.w.org\/{rel}","templated":true}]}}